{"id":92,"date":"2025-11-07T18:03:07","date_gmt":"2025-11-07T18:03:07","guid":{"rendered":"https:\/\/tallerestoro.com\/wordpress\/index.php\/about\/"},"modified":"2026-02-14T17:24:05","modified_gmt":"2026-02-14T17:24:05","slug":"sobre-nosotros","status":"publish","type":"page","link":"https:\/\/tallerestoro.com\/en\/sobre-nosotros\/","title":{"rendered":"About us"},"content":{"rendered":"<div data-elementor-type=\"wp-post\" data-elementor-id=\"92\" class=\"elementor elementor-92\" data-elementor-post-type=\"page\">\n\t\t\t\t<div class=\"elementor-element elementor-element-49675d5c e-flex e-con-boxed e-con e-parent\" data-id=\"49675d5c\" data-element_type=\"container\" data-settings=\"{&quot;background_background&quot;:&quot;classic&quot;,&quot;shape_divider_bottom&quot;:&quot;tilt&quot;,&quot;background_motion_fx_motion_fx_scrolling&quot;:&quot;yes&quot;,&quot;background_motion_fx_devices&quot;:[&quot;desktop&quot;,&quot;tablet&quot;,&quot;mobile&quot;]}\">\n\t\t\t\t\t<div class=\"e-con-inner\">\n\t\t\t\t<div class=\"elementor-shape elementor-shape-bottom\" aria-hidden=\"true\" data-negative=\"false\">\n\t\t\t<svg xmlns=\"http:\/\/www.w3.org\/2000\/svg\" viewbox=\"0 0 1000 100\" preserveaspectratio=\"none\">\n\t<path class=\"elementor-shape-fill\" d=\"M0,6V0h1000v100L0,6z\"\/>\n<\/svg>\t\t<\/div>\n\t\t\t\t\t<\/div>\n\t\t\t\t<\/div>\n\t\t<div class=\"elementor-element elementor-element-6688a65a e-con-full e-flex e-con e-parent\" data-id=\"6688a65a\" data-element_type=\"container\" data-settings=\"{&quot;background_background&quot;:&quot;classic&quot;,&quot;shape_divider_bottom&quot;:&quot;tilt&quot;}\">\n\t\t\t\t<div class=\"elementor-shape elementor-shape-bottom\" aria-hidden=\"true\" data-negative=\"false\">\n\t\t\t<svg xmlns=\"http:\/\/www.w3.org\/2000\/svg\" viewbox=\"0 0 1000 100\" preserveaspectratio=\"none\">\n\t<path class=\"elementor-shape-fill\" d=\"M0,6V0h1000v100L0,6z\"\/>\n<\/svg>\t\t<\/div>\n\t\t<div class=\"elementor-element elementor-element-1284aec0 e-con-full e-flex e-con e-child\" data-id=\"1284aec0\" data-element_type=\"container\">\n\t\t\t\t<div class=\"elementor-element elementor-element-742941d8 elementor-widget__width-initial elementor-widget elementor-widget-text-editor\" data-id=\"742941d8\" data-element_type=\"widget\" data-widget_type=\"text-editor.default\">\n\t\t\t\t\t\t\t\t\t<p>Talleres Toro Arroyo, S.L. is a company with over 20 years of experience in metalworking.<\/p>\t\t\t\t\t\t\t\t<\/div>\n\t\t\t\t<div class=\"elementor-element elementor-element-1a0cf15b elementor-tablet-align-center elementor-widget elementor-widget-button\" data-id=\"1a0cf15b\" data-element_type=\"widget\" data-widget_type=\"button.default\">\n\t\t\t\t\t\t\t\t\t\t<a class=\"elementor-button elementor-button-link elementor-size-sm elementor-animation-grow\" href=\"https:\/\/tallerestoro.com\/en\/servicios\/\">\n\t\t\t\t\t\t<span class=\"elementor-button-content-wrapper\">\n\t\t\t\t\t\t<span class=\"elementor-button-icon\">\n\t\t\t\t<svg aria-hidden=\"true\" class=\"e-font-icon-svg e-fas-angle-double-right\" viewbox=\"0 0 448 512\" xmlns=\"http:\/\/www.w3.org\/2000\/svg\"><path d=\"M224.3 273l-136 136c-9.4 9.4-24.6 9.4-33.9 0l-22.6-22.6c-9.4-9.4-9.4-24.6 0-33.9l96.4-96.4-96.4-96.4c-9.4-9.4-9.4-24.6 0-33.9L54.3 103c9.4-9.4 24.6-9.4 33.9 0l136 136c9.5 9.4 9.5 24.6.1 34zm192-34l-136-136c-9.4-9.4-24.6-9.4-33.9 0l-22.6 22.6c-9.4 9.4-9.4 24.6 0 33.9l96.4 96.4-96.4 96.4c-9.4 9.4-9.4 24.6 0 33.9l22.6 22.6c9.4 9.4 24.6 9.4 33.9 0l136-136c9.4-9.2 9.4-24.4 0-33.8z\"><\/path><\/svg>\t\t\t<\/span>\n\t\t\t\t\t\t\t\t\t<span class=\"elementor-button-text\">Services<\/span>\n\t\t\t\t\t<\/span>\n\t\t\t\t\t<\/a>\n\t\t\t\t\t\t\t\t<\/div>\n\t\t\t\t<\/div>\n\t\t<div class=\"elementor-element elementor-element-69110c71 e-con-full e-flex e-con e-child\" data-id=\"69110c71\" data-element_type=\"container\">\n\t\t\t\t<div class=\"elementor-element elementor-element-10b56894 elementor-widget__width-initial elementor-widget-tablet__width-initial elementor-widget-mobile__width-initial elementor-widget elementor-widget-image\" data-id=\"10b56894\" data-element_type=\"widget\" data-settings=\"{&quot;motion_fx_motion_fx_scrolling&quot;:&quot;yes&quot;,&quot;motion_fx_translateY_effect&quot;:&quot;yes&quot;,&quot;motion_fx_translateY_direction&quot;:&quot;negative&quot;,&quot;motion_fx_translateY_speed&quot;:{&quot;unit&quot;:&quot;px&quot;,&quot;size&quot;:&quot;1.5&quot;,&quot;sizes&quot;:[]},&quot;motion_fx_translateY_affectedRange&quot;:{&quot;unit&quot;:&quot;%&quot;,&quot;size&quot;:&quot;&quot;,&quot;sizes&quot;:{&quot;start&quot;:0,&quot;end&quot;:100}},&quot;motion_fx_devices&quot;:[&quot;desktop&quot;,&quot;tablet&quot;,&quot;mobile&quot;]}\" data-widget_type=\"image.default\">\n\t\t\t\t\t\t\t\t\t\t\t\t\t\t\t<img fetchpriority=\"high\" decoding=\"async\" width=\"2560\" height=\"1920\" src=\"https:\/\/tallerestoro.com\/wp-content\/uploads\/2025\/11\/IMG_0194-scaled.jpg\" class=\"attachment-full size-full wp-image-185\" alt=\"piezas\" srcset=\"https:\/\/tallerestoro.com\/wp-content\/uploads\/2025\/11\/IMG_0194-scaled.jpg 2560w, https:\/\/tallerestoro.com\/wp-content\/uploads\/2025\/11\/IMG_0194-300x225.jpg 300w, https:\/\/tallerestoro.com\/wp-content\/uploads\/2025\/11\/IMG_0194-1024x768.jpg 1024w, https:\/\/tallerestoro.com\/wp-content\/uploads\/2025\/11\/IMG_0194-768x576.jpg 768w, https:\/\/tallerestoro.com\/wp-content\/uploads\/2025\/11\/IMG_0194-1536x1152.jpg 1536w, https:\/\/tallerestoro.com\/wp-content\/uploads\/2025\/11\/IMG_0194-2048x1536.jpg 2048w\" sizes=\"(max-width: 2560px) 100vw, 2560px\" \/>\t\t\t\t\t\t\t\t\t\t\t\t\t\t\t<\/div>\n\t\t\t\t<div class=\"elementor-element elementor-element-65ecca08 elementor-widget__width-initial elementor-absolute elementor-widget-tablet__width-initial elementor-widget-mobile__width-initial elementor-widget elementor-widget-image\" data-id=\"65ecca08\" data-element_type=\"widget\" data-settings=\"{&quot;_position&quot;:&quot;absolute&quot;,&quot;motion_fx_motion_fx_scrolling&quot;:&quot;yes&quot;,&quot;motion_fx_translateY_effect&quot;:&quot;yes&quot;,&quot;motion_fx_translateY_speed&quot;:{&quot;unit&quot;:&quot;px&quot;,&quot;size&quot;:&quot;1.5&quot;,&quot;sizes&quot;:[]},&quot;motion_fx_translateY_affectedRange&quot;:{&quot;unit&quot;:&quot;%&quot;,&quot;size&quot;:&quot;&quot;,&quot;sizes&quot;:{&quot;start&quot;:0,&quot;end&quot;:100}},&quot;motion_fx_devices&quot;:[&quot;desktop&quot;,&quot;tablet&quot;,&quot;mobile&quot;]}\" data-widget_type=\"image.default\">\n\t\t\t\t\t\t\t\t\t\t\t\t\t\t\t<img decoding=\"async\" width=\"2560\" height=\"1920\" src=\"https:\/\/tallerestoro.com\/wp-content\/uploads\/2025\/11\/tolva-extraccion-retales-carton-scaled.jpg\" class=\"attachment-full size-full wp-image-199\" alt=\"tolva extracci\u00f3n retales cart\u00f3n\" srcset=\"https:\/\/tallerestoro.com\/wp-content\/uploads\/2025\/11\/tolva-extraccion-retales-carton-scaled.jpg 2560w, https:\/\/tallerestoro.com\/wp-content\/uploads\/2025\/11\/tolva-extraccion-retales-carton-300x225.jpg 300w, https:\/\/tallerestoro.com\/wp-content\/uploads\/2025\/11\/tolva-extraccion-retales-carton-1024x768.jpg 1024w, https:\/\/tallerestoro.com\/wp-content\/uploads\/2025\/11\/tolva-extraccion-retales-carton-768x576.jpg 768w, https:\/\/tallerestoro.com\/wp-content\/uploads\/2025\/11\/tolva-extraccion-retales-carton-1536x1152.jpg 1536w, https:\/\/tallerestoro.com\/wp-content\/uploads\/2025\/11\/tolva-extraccion-retales-carton-2048x1536.jpg 2048w\" sizes=\"(max-width: 2560px) 100vw, 2560px\" \/>\t\t\t\t\t\t\t\t\t\t\t\t\t\t\t<\/div>\n\t\t\t\t<\/div>\n\t\t\t\t<\/div>\n\t\t<div class=\"elementor-element elementor-element-4cfa60b0 e-flex e-con-boxed e-con e-parent\" data-id=\"4cfa60b0\" data-element_type=\"container\" data-settings=\"{&quot;background_background&quot;:&quot;classic&quot;,&quot;shape_divider_bottom&quot;:&quot;tilt&quot;}\">\n\t\t\t\t\t<div class=\"e-con-inner\">\n\t\t\t\t<div class=\"elementor-shape elementor-shape-bottom\" aria-hidden=\"true\" data-negative=\"false\">\n\t\t\t<svg xmlns=\"http:\/\/www.w3.org\/2000\/svg\" viewbox=\"0 0 1000 100\" preserveaspectratio=\"none\">\n\t<path class=\"elementor-shape-fill\" d=\"M0,6V0h1000v100L0,6z\"\/>\n<\/svg>\t\t<\/div>\n\t\t\t\t\t<\/div>\n\t\t\t\t<\/div>\n\t\t<div class=\"elementor-element elementor-element-2666b8ea e-con-full e-flex e-con e-parent\" data-id=\"2666b8ea\" data-element_type=\"container\" data-settings=\"{&quot;background_background&quot;:&quot;classic&quot;,&quot;shape_divider_bottom&quot;:&quot;tilt&quot;}\">\n\t\t\t\t<div class=\"elementor-shape elementor-shape-bottom\" aria-hidden=\"true\" data-negative=\"false\">\n\t\t\t<svg xmlns=\"http:\/\/www.w3.org\/2000\/svg\" viewbox=\"0 0 1000 100\" preserveaspectratio=\"none\">\n\t<path class=\"elementor-shape-fill\" d=\"M0,6V0h1000v100L0,6z\"\/>\n<\/svg>\t\t<\/div>\n\t\t<div class=\"elementor-element elementor-element-2281dc52 e-con-full e-flex e-con e-child\" data-id=\"2281dc52\" data-element_type=\"container\">\n\t\t\t\t<div class=\"elementor-element elementor-element-a7b545c elementor-widget elementor-widget-text-editor\" data-id=\"a7b545c\" data-element_type=\"widget\" data-widget_type=\"text-editor.default\">\n\t\t\t\t\t\t\t\t\t<p>Since we began our activity, we have grown steadily to create a solid company, thanks to our customers. Our goal is to work continuously to develop and become a benchmark in our sector. To this end, we respond to the needs of our customers and adapt and invest in new technologies.<\/p>\t\t\t\t\t\t\t\t<\/div>\n\t\t\t\t<div class=\"elementor-element elementor-element-63878319 elementor-align-left elementor-tablet-align-center elementor-widget elementor-widget-button\" data-id=\"63878319\" data-element_type=\"widget\" data-widget_type=\"button.default\">\n\t\t\t\t\t\t\t\t\t\t<a class=\"elementor-button elementor-button-link elementor-size-sm elementor-animation-grow\" href=\"https:\/\/tallerestoro.com\/en\/blog\/\">\n\t\t\t\t\t\t<span class=\"elementor-button-content-wrapper\">\n\t\t\t\t\t\t<span class=\"elementor-button-icon\">\n\t\t\t\t<svg aria-hidden=\"true\" class=\"e-font-icon-svg e-fas-angle-double-right\" viewbox=\"0 0 448 512\" xmlns=\"http:\/\/www.w3.org\/2000\/svg\"><path d=\"M224.3 273l-136 136c-9.4 9.4-24.6 9.4-33.9 0l-22.6-22.6c-9.4-9.4-9.4-24.6 0-33.9l96.4-96.4-96.4-96.4c-9.4-9.4-9.4-24.6 0-33.9L54.3 103c9.4-9.4 24.6-9.4 33.9 0l136 136c9.5 9.4 9.5 24.6.1 34zm192-34l-136-136c-9.4-9.4-24.6-9.4-33.9 0l-22.6 22.6c-9.4 9.4-9.4 24.6 0 33.9l96.4 96.4-96.4 96.4c-9.4 9.4-9.4 24.6 0 33.9l22.6 22.6c9.4 9.4 24.6 9.4 33.9 0l136-136c9.4-9.2 9.4-24.4 0-33.8z\"><\/path><\/svg>\t\t\t<\/span>\n\t\t\t\t\t\t\t\t\t<span class=\"elementor-button-text\">Blog<\/span>\n\t\t\t\t\t<\/span>\n\t\t\t\t\t<\/a>\n\t\t\t\t\t\t\t\t<\/div>\n\t\t\t\t<\/div>\n\t\t<div class=\"elementor-element elementor-element-42380285 e-con-full e-flex e-con e-child\" data-id=\"42380285\" data-element_type=\"container\">\n\t\t\t\t<div class=\"elementor-element elementor-element-5c7a0325 elementor-widget__width-initial elementor-widget-tablet__width-initial elementor-widget-mobile__width-initial elementor-widget elementor-widget-image\" data-id=\"5c7a0325\" data-element_type=\"widget\" data-settings=\"{&quot;motion_fx_motion_fx_scrolling&quot;:&quot;yes&quot;,&quot;motion_fx_translateY_effect&quot;:&quot;yes&quot;,&quot;motion_fx_translateY_direction&quot;:&quot;negative&quot;,&quot;motion_fx_translateY_speed&quot;:{&quot;unit&quot;:&quot;px&quot;,&quot;size&quot;:&quot;1.5&quot;,&quot;sizes&quot;:[]},&quot;motion_fx_translateY_affectedRange&quot;:{&quot;unit&quot;:&quot;%&quot;,&quot;size&quot;:&quot;&quot;,&quot;sizes&quot;:{&quot;start&quot;:0,&quot;end&quot;:100}},&quot;motion_fx_devices&quot;:[&quot;desktop&quot;,&quot;tablet&quot;,&quot;mobile&quot;]}\" data-widget_type=\"image.default\">\n\t\t\t\t\t\t\t\t\t\t\t\t\t\t\t<img decoding=\"async\" width=\"1920\" height=\"2560\" src=\"https:\/\/tallerestoro.com\/wp-content\/uploads\/2025\/11\/1000071723-scaled.jpg\" class=\"attachment-full size-full wp-image-191\" alt=\"escaleras\" srcset=\"https:\/\/tallerestoro.com\/wp-content\/uploads\/2025\/11\/1000071723-scaled.jpg 1920w, https:\/\/tallerestoro.com\/wp-content\/uploads\/2025\/11\/1000071723-225x300.jpg 225w, https:\/\/tallerestoro.com\/wp-content\/uploads\/2025\/11\/1000071723-768x1024.jpg 768w, https:\/\/tallerestoro.com\/wp-content\/uploads\/2025\/11\/1000071723-1152x1536.jpg 1152w, https:\/\/tallerestoro.com\/wp-content\/uploads\/2025\/11\/1000071723-1536x2048.jpg 1536w\" sizes=\"(max-width: 1920px) 100vw, 1920px\" \/>\t\t\t\t\t\t\t\t\t\t\t\t\t\t\t<\/div>\n\t\t\t\t<div class=\"elementor-element elementor-element-4cc34e99 elementor-widget__width-initial elementor-absolute elementor-widget-tablet__width-initial elementor-widget-mobile__width-initial elementor-widget elementor-widget-image\" data-id=\"4cc34e99\" data-element_type=\"widget\" data-settings=\"{&quot;_position&quot;:&quot;absolute&quot;,&quot;motion_fx_motion_fx_scrolling&quot;:&quot;yes&quot;,&quot;motion_fx_translateY_effect&quot;:&quot;yes&quot;,&quot;motion_fx_translateY_speed&quot;:{&quot;unit&quot;:&quot;px&quot;,&quot;size&quot;:&quot;1.5&quot;,&quot;sizes&quot;:[]},&quot;motion_fx_translateY_affectedRange&quot;:{&quot;unit&quot;:&quot;%&quot;,&quot;size&quot;:&quot;&quot;,&quot;sizes&quot;:{&quot;start&quot;:0,&quot;end&quot;:100}},&quot;motion_fx_devices&quot;:[&quot;desktop&quot;,&quot;tablet&quot;,&quot;mobile&quot;]}\" data-widget_type=\"image.default\">\n\t\t\t\t\t\t\t\t\t\t\t\t\t\t\t<img loading=\"lazy\" decoding=\"async\" width=\"2560\" height=\"1920\" src=\"https:\/\/tallerestoro.com\/wp-content\/uploads\/2025\/11\/IMG_0204-scaled.jpg\" class=\"attachment-full size-full wp-image-205\" alt=\"escaleracasa\" srcset=\"https:\/\/tallerestoro.com\/wp-content\/uploads\/2025\/11\/IMG_0204-scaled.jpg 2560w, https:\/\/tallerestoro.com\/wp-content\/uploads\/2025\/11\/IMG_0204-300x225.jpg 300w, https:\/\/tallerestoro.com\/wp-content\/uploads\/2025\/11\/IMG_0204-1024x768.jpg 1024w, https:\/\/tallerestoro.com\/wp-content\/uploads\/2025\/11\/IMG_0204-768x576.jpg 768w, https:\/\/tallerestoro.com\/wp-content\/uploads\/2025\/11\/IMG_0204-1536x1152.jpg 1536w, https:\/\/tallerestoro.com\/wp-content\/uploads\/2025\/11\/IMG_0204-2048x1536.jpg 2048w\" sizes=\"(max-width: 2560px) 100vw, 2560px\" \/>\t\t\t\t\t\t\t\t\t\t\t\t\t\t\t<\/div>\n\t\t\t\t<\/div>\n\t\t\t\t<\/div>\n\t\t<div class=\"elementor-element elementor-element-75e3a12 e-flex e-con-boxed e-con e-parent\" data-id=\"75e3a12\" data-element_type=\"container\">\n\t\t\t\t\t<div class=\"e-con-inner\">\n\t\t\t\t\t<\/div>\n\t\t\t\t<\/div>\n\t\t\t\t<\/div>","protected":false},"excerpt":{"rendered":"<p>Talleres Toro Arroyo, S.L. empresa con m\u00e1s de 20 a\u00f1os de experiencia en la actividad de manipulaci\u00f3n del metal. Servicios Desde el inicio de nuestra actividad, hemos crecido poco a poco para crear una empresa s\u00f3lida, gracias a nuestros clientes. Nuestro objetivo,\u00a0 trabajar en continuo desarrollo para lograr ser un referente en nuestro sector.\u00a0 Para [&hellip;]<\/p>","protected":false},"author":1,"featured_media":0,"parent":0,"menu_order":0,"comment_status":"closed","ping_status":"closed","template":"elementor_header_footer","meta":{"footnotes":""},"class_list":["post-92","page","type-page","status-publish","hentry"],"yoast_head":"<!-- This site is optimized with the Yoast SEO plugin v26.9 - https:\/\/yoast.com\/product\/yoast-seo-wordpress\/ -->\n<title>Sobre nosotros - Talleres Toro<\/title>\n<meta name=\"description\" content=\"Talleres Toro Arroyo, S.L. empresa con m\u00e1s de 20 a\u00f1os de experiencia en la actividad de manipulaci\u00f3n del metal.\" \/>\n<meta name=\"robots\" content=\"index, follow, max-snippet:-1, max-image-preview:large, max-video-preview:-1\" \/>\n<link rel=\"canonical\" href=\"https:\/\/tallerestoro.com\/en\/sobre-nosotros\/\" \/>\n<meta property=\"og:locale\" content=\"en_GB\" \/>\n<meta property=\"og:type\" content=\"article\" \/>\n<meta property=\"og:title\" content=\"Sobre nosotros - Talleres Toro\" \/>\n<meta property=\"og:description\" content=\"Talleres Toro Arroyo, S.L. empresa con m\u00e1s de 20 a\u00f1os de experiencia en la actividad de manipulaci\u00f3n del metal.\" \/>\n<meta property=\"og:url\" content=\"https:\/\/tallerestoro.com\/en\/sobre-nosotros\/\" \/>\n<meta property=\"og:site_name\" content=\"Talleres Toro\" \/>\n<meta property=\"article:modified_time\" content=\"2026-02-14T17:24:05+00:00\" \/>\n<meta property=\"og:image\" content=\"https:\/\/tallerestoro.com\/wp-content\/uploads\/2025\/11\/IMG_0194-scaled.jpg\" \/>\n<meta name=\"twitter:card\" content=\"summary_large_image\" \/>\n<meta name=\"twitter:label1\" content=\"Estimated reading time\" \/>\n\t<meta name=\"twitter:data1\" content=\"2 minutes\" \/>\n<script type=\"application\/ld+json\" class=\"yoast-schema-graph\">{\"@context\":\"https:\/\/schema.org\",\"@graph\":[{\"@type\":\"WebPage\",\"@id\":\"https:\/\/tallerestoro.com\/sobre-nosotros\/\",\"url\":\"https:\/\/tallerestoro.com\/sobre-nosotros\/\",\"name\":\"Sobre nosotros - Talleres Toro\",\"isPartOf\":{\"@id\":\"https:\/\/tallerestoro.com\/#website\"},\"primaryImageOfPage\":{\"@id\":\"https:\/\/tallerestoro.com\/sobre-nosotros\/#primaryimage\"},\"image\":{\"@id\":\"https:\/\/tallerestoro.com\/sobre-nosotros\/#primaryimage\"},\"thumbnailUrl\":\"https:\/\/tallerestoro.com\/wp-content\/uploads\/2025\/11\/IMG_0194-scaled.jpg\",\"datePublished\":\"2025-11-07T18:03:07+00:00\",\"dateModified\":\"2026-02-14T17:24:05+00:00\",\"description\":\"Talleres Toro Arroyo, S.L. empresa con m\u00e1s de 20 a\u00f1os de experiencia en la actividad de manipulaci\u00f3n del metal.\",\"breadcrumb\":{\"@id\":\"https:\/\/tallerestoro.com\/sobre-nosotros\/#breadcrumb\"},\"inLanguage\":\"en-GB\",\"potentialAction\":[{\"@type\":\"ReadAction\",\"target\":[\"https:\/\/tallerestoro.com\/sobre-nosotros\/\"]}]},{\"@type\":\"ImageObject\",\"inLanguage\":\"en-GB\",\"@id\":\"https:\/\/tallerestoro.com\/sobre-nosotros\/#primaryimage\",\"url\":\"https:\/\/tallerestoro.com\/wp-content\/uploads\/2025\/11\/IMG_0194-scaled.jpg\",\"contentUrl\":\"https:\/\/tallerestoro.com\/wp-content\/uploads\/2025\/11\/IMG_0194-scaled.jpg\"},{\"@type\":\"BreadcrumbList\",\"@id\":\"https:\/\/tallerestoro.com\/sobre-nosotros\/#breadcrumb\",\"itemListElement\":[{\"@type\":\"ListItem\",\"position\":1,\"name\":\"Portada\",\"item\":\"https:\/\/tallerestoro.com\/\"},{\"@type\":\"ListItem\",\"position\":2,\"name\":\"Sobre nosotros\"}]},{\"@type\":\"WebSite\",\"@id\":\"https:\/\/tallerestoro.com\/#website\",\"url\":\"https:\/\/tallerestoro.com\/\",\"name\":\"Talleres Toro\",\"description\":\"Mantenimiento industrial, cerrajer\u00eda, estructuras, chapa, automatismos.\",\"publisher\":{\"@id\":\"https:\/\/tallerestoro.com\/#organization\"},\"potentialAction\":[{\"@type\":\"SearchAction\",\"target\":{\"@type\":\"EntryPoint\",\"urlTemplate\":\"https:\/\/tallerestoro.com\/?s={search_term_string}\"},\"query-input\":{\"@type\":\"PropertyValueSpecification\",\"valueRequired\":true,\"valueName\":\"search_term_string\"}}],\"inLanguage\":\"en-GB\"},{\"@type\":\"Organization\",\"@id\":\"https:\/\/tallerestoro.com\/#organization\",\"name\":\"Talleres Toro\",\"url\":\"https:\/\/tallerestoro.com\/\",\"logo\":{\"@type\":\"ImageObject\",\"inLanguage\":\"en-GB\",\"@id\":\"https:\/\/tallerestoro.com\/#\/schema\/logo\/image\/\",\"url\":\"https:\/\/tallerestoro.com\/wp-content\/uploads\/2025\/11\/logo.png\",\"contentUrl\":\"https:\/\/tallerestoro.com\/wp-content\/uploads\/2025\/11\/logo.png\",\"width\":647,\"height\":397,\"caption\":\"Talleres Toro\"},\"image\":{\"@id\":\"https:\/\/tallerestoro.com\/#\/schema\/logo\/image\/\"},\"sameAs\":[\"https:\/\/www.instagram.com\/tallerestoro\"]}]}<\/script>\n<!-- \/ Yoast SEO plugin. -->","yoast_head_json":{"title":"Sobre nosotros - Talleres Toro","description":"Talleres Toro Arroyo, S.L. is a company with over 20 years of experience in metalworking.","robots":{"index":"index","follow":"follow","max-snippet":"max-snippet:-1","max-image-preview":"max-image-preview:large","max-video-preview":"max-video-preview:-1"},"canonical":"https:\/\/tallerestoro.com\/en\/sobre-nosotros\/","og_locale":"en_GB","og_type":"article","og_title":"Sobre nosotros - Talleres Toro","og_description":"Talleres Toro Arroyo, S.L. empresa con m\u00e1s de 20 a\u00f1os de experiencia en la actividad de manipulaci\u00f3n del metal.","og_url":"https:\/\/tallerestoro.com\/en\/sobre-nosotros\/","og_site_name":"Talleres Toro","article_modified_time":"2026-02-14T17:24:05+00:00","og_image":[{"url":"https:\/\/tallerestoro.com\/wp-content\/uploads\/2025\/11\/IMG_0194-scaled.jpg","type":"","width":"","height":""}],"twitter_card":"summary_large_image","twitter_misc":{"Estimated reading time":"2 minutes"},"schema":{"@context":"https:\/\/schema.org","@graph":[{"@type":"WebPage","@id":"https:\/\/tallerestoro.com\/sobre-nosotros\/","url":"https:\/\/tallerestoro.com\/sobre-nosotros\/","name":"Sobre nosotros - Talleres Toro","isPartOf":{"@id":"https:\/\/tallerestoro.com\/#website"},"primaryImageOfPage":{"@id":"https:\/\/tallerestoro.com\/sobre-nosotros\/#primaryimage"},"image":{"@id":"https:\/\/tallerestoro.com\/sobre-nosotros\/#primaryimage"},"thumbnailUrl":"https:\/\/tallerestoro.com\/wp-content\/uploads\/2025\/11\/IMG_0194-scaled.jpg","datePublished":"2025-11-07T18:03:07+00:00","dateModified":"2026-02-14T17:24:05+00:00","description":"Talleres Toro Arroyo, S.L. is a company with over 20 years of experience in metalworking.","breadcrumb":{"@id":"https:\/\/tallerestoro.com\/sobre-nosotros\/#breadcrumb"},"inLanguage":"en-GB","potentialAction":[{"@type":"ReadAction","target":["https:\/\/tallerestoro.com\/sobre-nosotros\/"]}]},{"@type":"ImageObject","inLanguage":"en-GB","@id":"https:\/\/tallerestoro.com\/sobre-nosotros\/#primaryimage","url":"https:\/\/tallerestoro.com\/wp-content\/uploads\/2025\/11\/IMG_0194-scaled.jpg","contentUrl":"https:\/\/tallerestoro.com\/wp-content\/uploads\/2025\/11\/IMG_0194-scaled.jpg"},{"@type":"BreadcrumbList","@id":"https:\/\/tallerestoro.com\/sobre-nosotros\/#breadcrumb","itemListElement":[{"@type":"ListItem","position":1,"name":"Portada","item":"https:\/\/tallerestoro.com\/"},{"@type":"ListItem","position":2,"name":"Sobre nosotros"}]},{"@type":"WebSite","@id":"https:\/\/tallerestoro.com\/#website","url":"https:\/\/tallerestoro.com\/","name":"Talleres Toro","description":"Mantenimiento industrial, cerrajer\u00eda, estructuras, chapa, automatismos.","publisher":{"@id":"https:\/\/tallerestoro.com\/#organization"},"potentialAction":[{"@type":"SearchAction","target":{"@type":"EntryPoint","urlTemplate":"https:\/\/tallerestoro.com\/?s={search_term_string}"},"query-input":{"@type":"PropertyValueSpecification","valueRequired":true,"valueName":"search_term_string"}}],"inLanguage":"en-GB"},{"@type":"Organization","@id":"https:\/\/tallerestoro.com\/#organization","name":"Talleres Toro","url":"https:\/\/tallerestoro.com\/","logo":{"@type":"ImageObject","inLanguage":"en-GB","@id":"https:\/\/tallerestoro.com\/#\/schema\/logo\/image\/","url":"https:\/\/tallerestoro.com\/wp-content\/uploads\/2025\/11\/logo.png","contentUrl":"https:\/\/tallerestoro.com\/wp-content\/uploads\/2025\/11\/logo.png","width":647,"height":397,"caption":"Talleres Toro"},"image":{"@id":"https:\/\/tallerestoro.com\/#\/schema\/logo\/image\/"},"sameAs":["https:\/\/www.instagram.com\/tallerestoro"]}]}},"_links":{"self":[{"href":"https:\/\/tallerestoro.com\/en\/wp-json\/wp\/v2\/pages\/92","targetHints":{"allow":["GET"]}}],"collection":[{"href":"https:\/\/tallerestoro.com\/en\/wp-json\/wp\/v2\/pages"}],"about":[{"href":"https:\/\/tallerestoro.com\/en\/wp-json\/wp\/v2\/types\/page"}],"author":[{"embeddable":true,"href":"https:\/\/tallerestoro.com\/en\/wp-json\/wp\/v2\/users\/1"}],"replies":[{"embeddable":true,"href":"https:\/\/tallerestoro.com\/en\/wp-json\/wp\/v2\/comments?post=92"}],"version-history":[{"count":104,"href":"https:\/\/tallerestoro.com\/en\/wp-json\/wp\/v2\/pages\/92\/revisions"}],"predecessor-version":[{"id":1050,"href":"https:\/\/tallerestoro.com\/en\/wp-json\/wp\/v2\/pages\/92\/revisions\/1050"}],"wp:attachment":[{"href":"https:\/\/tallerestoro.com\/en\/wp-json\/wp\/v2\/media?parent=92"}],"curies":[{"name":"wp","href":"https:\/\/api.w.org\/{rel}","templated":true}]}}